{"id":8,"date":"2011-09-18T17:29:38","date_gmt":"2011-09-18T17:29:38","guid":{"rendered":"http:\/\/golden-roses.de\/?page_id=8"},"modified":"2013-03-11T20:02:59","modified_gmt":"2013-03-11T20:02:59","slug":"chewbacca","status":"publish","type":"page","link":"https:\/\/golden-roses.de\/?page_id=8","title":{"rendered":"Chewbacca"},"content":{"rendered":"<p><strong><a href=\"https:\/\/golden-roses.de\/wp-content\/uploads\/2011\/09\/IMG_8656.jpg\"><img loading=\"lazy\" decoding=\"async\" class=\"alignright size-medium wp-image-50\" title=\"IMG_8656\" alt=\"\" src=\"https:\/\/golden-roses.de\/wp-content\/uploads\/2011\/09\/IMG_8656-300x200.jpg\" width=\"300\" height=\"200\" srcset=\"https:\/\/golden-roses.de\/wp-content\/uploads\/2011\/09\/IMG_8656-300x200.jpg 300w, https:\/\/golden-roses.de\/wp-content\/uploads\/2011\/09\/IMG_8656-1024x682.jpg 1024w\" sizes=\"auto, (max-width: 300px) 100vw, 300px\" \/><\/a>Chewbacca <\/strong>&#8211; Episode 3<\/p>\n<p>Chivas Kindness of Honey Hill<\/p>\n<p>DRC-G 1029079\u00a0\u00a0\u00a0\u00a0\u00a0\u00a0\u00a0\u00a0\u00a0\u00a0\u00a0\u00a0\u00a0\u00a0\u00a0\u00a0\u00a0\u00a0\u00a0\u00a0\u00a0\u00a0\u00a0\u00a0\u00a0\u00a0\u00a0\u00a0\u00a0\u00a0 *01.11.2010<\/p>\n<p>ZZL: 15.01.2013<\/p>\n<p>Z\u00fcchter: Petra Rolof\u00a0\u00a0\u00a0\u00a0\u00a0\u00a0\u00a0\u00a0\u00a0\u00a0\u00a0\u00a0\u00a0\u00a0\u00a0\u00a0\u00a0 <a title=\"Kindness of Honey Hill\" href=\"http:\/\/www.kindness-of-honeyhill.de\" target=\"_blank\">www.kindness-of-honeyhill.de<\/a><\/p>\n<p><strong>Pr\u00fcfungen<\/strong>: Wesenstest, JP\/R, FW, Brauchbarkeit f\u00fcr die Nachsuche auf Niederwild (au\u00dfer Schalenwild), Hundef\u00fchrerschein Stufe I (bhv)<\/p>\n<p><strong>Zuchtwerte: HD = 89 \/ ED = 96 \/ HC = 95<\/strong><\/p>\n<p><strong>H\u00fcften<\/strong>: A2 (rechts = A2, links = A2)<br \/>\n<strong>Ellbogen:<\/strong> rechts = frei, links = frei\u00a0\u00a0\u00a0\u00a0\u00a0\u00a0\u00a0\u00a0\u00a0\u00a0\u00a0\u00a0\u00a0\u00a0\u00a0\u00a0\u00a0\u00a0\u00a0\u00a0\u00a0\u00a0\u00a0\u00a0\u00a0\u00a0\u00a0\u00a0\u00a0\u00a0\u00a0\u00a0\u00a0\u00a0\u00a0\u00a0\u00a0\u00a0\u00a0\u00a0\u00a0\u00a0\u00a0\u00a0\u00a0\u00a0\u00a0\u00a0\u00a0\u00a0\u00a0\u00a0\u00a0\u00a0\u00a0\u00a0\u00a0\u00a0\u00a0\u00a0\u00a0\u00a0\u00a0\u00a0\u00a0\u00a0\u00a0\u00a0\u00a0\u00a0\u00a0\u00a0\u00a0\u00a0\u00a0\u00a0\u00a0\u00a0\u00a0\u00a0\u00a0\u00a0\u00a0\u00a0\u00a0\u00a0 <strong>Augen:<\/strong> RD: frei, PRA: frei, HC: frei vom 22.12.11\u00a0\u00a0\u00a0\u00a0\u00a0\u00a0\u00a0\u00a0\u00a0\u00a0\u00a0\u00a0\u00a0\u00a0\u00a0\u00a0\u00a0\u00a0\u00a0\u00a0\u00a0\u00a0\u00a0\u00a0\u00a0\u00a0\u00a0\u00a0\u00a0\u00a0\u00a0\u00a0\u00a0\u00a0\u00a0\u00a0\u00a0\u00a0\u00a0\u00a0\u00a0\u00a0\u00a0\u00a0\u00a0\u00a0\u00a0\u00a0\u00a0\u00a0\u00a0\u00a0\u00a0\u00a0\u00a0 <strong>Befunde<\/strong>: prcd-PRA: frei, DM: frei, GR_PRA1-Gentest:frei, MH-Gentest:frei <strong>Zahnstatus:<\/strong> oB<\/p>\n<p>Spermiogramm: Ergebnis wird nachgereicht \u00a0 \u00a0 \u00a0 \u00a0 \u00a0 \u00a0 \u00a0 \u00a0 \u00a0 \u00a0 \u00a0 \u00a0 \u00a0 \u00a0 \u00a0 \u00a0 \u00a0 \u00a0 \u00a0 \u00a0 \u00a0 \u00a0 \u00a0 \u00a0 \u00a0 \u00a0 \u00a0 \u00a0 \u00a0 \u00a0 \u00a0 \u00a0 \u00a0 \u00a0 \u00a0 \u00a0 \u00a0 \u00a0 \u00a0 \u00a0 \u00a0 \u00a0 \u00a0 \u00a0 \u00a0 \u00a0 \u00a0 \u00a0 \u00a0<strong><\/strong><\/p>\n<p><a title=\"Ausstellungen\" href=\"https:\/\/golden-roses.de\/?page_id=137\">Ausstellungsergebnisse<\/a>\u00a0\u00a0\u00a0\u00a0\u00a0\u00a0\u00a0\u00a0\u00a0\u00a0\u00a0\u00a0\u00a0\u00a0\u00a0\u00a0\u00a0\u00a0\u00a0\u00a0\u00a0\u00a0\u00a0\u00a0\u00a0\u00a0\u00a0\u00a0\u00a0\u00a0\u00a0\u00a0\u00a0\u00a0\u00a0\u00a0\u00a0\u00a0\u00a0\u00a0\u00a0\u00a0\u00a0\u00a0\u00a0\u00a0\u00a0\u00a0\u00a0\u00a0\u00a0\u00a0\u00a0\u00a0\u00a0\u00a0\u00a0\u00a0\u00a0\u00a0\u00a0\u00a0\u00a0\u00a0\u00a0\u00a0\u00a0\u00a0\u00a0\u00a0\u00a0\u00a0\u00a0\u00a0\u00a0\u00a0\u00a0\u00a0\u00a0\u00a0\u00a0\u00a0\u00a0\u00a0\u00a0\u00a0\u00a0\u00a0\u00a0\u00a0\u00a0\u00a0\u00a0\u00a0\u00a0\u00a0\u00a0\u00a0\u00a0\u00a0 J\u00fcngstenklasse: 1x v, 1x v3, 1x vv2\u00a0\u00a0\u00a0\u00a0\u00a0\u00a0\u00a0\u00a0\u00a0\u00a0\u00a0\u00a0\u00a0\u00a0\u00a0\u00a0\u00a0\u00a0\u00a0\u00a0\u00a0\u00a0\u00a0\u00a0\u00a0\u00a0\u00a0\u00a0\u00a0\u00a0\u00a0\u00a0\u00a0\u00a0\u00a0\u00a0\u00a0\u00a0\u00a0\u00a0\u00a0\u00a0\u00a0\u00a0\u00a0\u00a0\u00a0\u00a0\u00a0\u00a0\u00a0\u00a0\u00a0\u00a0\u00a0\u00a0\u00a0\u00a0\u00a0\u00a0\u00a0\u00a0\u00a0\u00a0\u00a0\u00a0\u00a0\u00a0\u00a0\u00a0\u00a0\u00a0\u00a0\u00a0\u00a0\u00a0\u00a0\u00a0\u00a0 Jugendklasse: 2x sg, 2x v\u00a0\u00a0\u00a0\u00a0\u00a0\u00a0\u00a0\u00a0\u00a0\u00a0\u00a0\u00a0\u00a0\u00a0\u00a0\u00a0\u00a0\u00a0\u00a0\u00a0\u00a0\u00a0\u00a0\u00a0\u00a0\u00a0\u00a0\u00a0\u00a0\u00a0\u00a0\u00a0\u00a0\u00a0\u00a0\u00a0\u00a0\u00a0\u00a0\u00a0\u00a0\u00a0\u00a0\u00a0\u00a0\u00a0\u00a0\u00a0\u00a0\u00a0\u00a0\u00a0\u00a0\u00a0\u00a0\u00a0\u00a0\u00a0\u00a0\u00a0\u00a0\u00a0\u00a0\u00a0\u00a0\u00a0\u00a0\u00a0\u00a0\u00a0\u00a0\u00a0\u00a0\u00a0\u00a0\u00a0\u00a0\u00a0\u00a0\u00a0\u00a0\u00a0\u00a0\u00a0\u00a0\u00a0\u00a0\u00a0\u00a0\u00a0\u00a0\u00a0\u00a0\u00a0\u00a0\u00a0\u00a0 Zwischenklasse: 1x v, 1x sg3, 1x sg2<\/p>\n","protected":false},"excerpt":{"rendered":"<p>Chewbacca &#8211; Episode 3 Chivas Kindness of Honey Hill DRC-G 1029079\u00a0\u00a0\u00a0\u00a0\u00a0\u00a0\u00a0\u00a0\u00a0\u00a0\u00a0\u00a0\u00a0\u00a0\u00a0\u00a0\u00a0\u00a0\u00a0\u00a0\u00a0\u00a0\u00a0\u00a0\u00a0\u00a0\u00a0\u00a0\u00a0\u00a0 *01.11.2010 ZZL: 15.01.2013 Z\u00fcchter: Petra Rolof\u00a0\u00a0\u00a0\u00a0\u00a0\u00a0\u00a0\u00a0\u00a0\u00a0\u00a0\u00a0\u00a0\u00a0\u00a0\u00a0\u00a0 www.kindness-of-honeyhill.de Pr\u00fcfungen: Wesenstest, JP\/R, FW, Brauchbarkeit f\u00fcr die Nachsuche auf Niederwild (au\u00dfer Schalenwild), Hundef\u00fchrerschein Stufe I (bhv) Zuchtwerte: HD = 89 \/ ED &hellip; <a href=\"https:\/\/golden-roses.de\/?page_id=8\">Weiterlesen <span class=\"meta-nav\">&rarr;<\/span><\/a><\/p>\n","protected":false},"author":1,"featured_media":74,"parent":0,"menu_order":0,"comment_status":"open","ping_status":"open","template":"","meta":{"footnotes":""},"class_list":["post-8","page","type-page","status-publish","has-post-thumbnail","hentry"],"_links":{"self":[{"href":"https:\/\/golden-roses.de\/index.php?rest_route=\/wp\/v2\/pages\/8","targetHints":{"allow":["GET"]}}],"collection":[{"href":"https:\/\/golden-roses.de\/index.php?rest_route=\/wp\/v2\/pages"}],"about":[{"href":"https:\/\/golden-roses.de\/index.php?rest_route=\/wp\/v2\/types\/page"}],"author":[{"embeddable":true,"href":"https:\/\/golden-roses.de\/index.php?rest_route=\/wp\/v2\/users\/1"}],"replies":[{"embeddable":true,"href":"https:\/\/golden-roses.de\/index.php?rest_route=%2Fwp%2Fv2%2Fcomments&post=8"}],"version-history":[{"count":23,"href":"https:\/\/golden-roses.de\/index.php?rest_route=\/wp\/v2\/pages\/8\/revisions"}],"predecessor-version":[{"id":367,"href":"https:\/\/golden-roses.de\/index.php?rest_route=\/wp\/v2\/pages\/8\/revisions\/367"}],"wp:featuredmedia":[{"embeddable":true,"href":"https:\/\/golden-roses.de\/index.php?rest_route=\/wp\/v2\/media\/74"}],"wp:attachment":[{"href":"https:\/\/golden-roses.de\/index.php?rest_route=%2Fwp%2Fv2%2Fmedia&parent=8"}],"curies":[{"name":"wp","href":"https:\/\/api.w.org\/{rel}","templated":true}]}}