{"id":108,"date":"2011-11-03T19:43:58","date_gmt":"2011-11-03T19:43:58","guid":{"rendered":"http:\/\/golden-roses.de\/?page_id=108"},"modified":"2013-03-11T20:10:17","modified_gmt":"2013-03-11T20:10:17","slug":"termine","status":"publish","type":"page","link":"https:\/\/golden-roses.de\/?page_id=108","title":{"rendered":"Termine"},"content":{"rendered":"<p>So., 14.10. Rheingau Trophy, Workingtest, Chewbacca Schnupperklasse<br \/>\nSa., 27.10. Neuz\u00fcchterseminar<br \/>\nSo., 04.11. Hundef\u00fchrerscheinpr\u00fcfung mit Chewbacca<br \/>\nSa., 24.11. DRC Clubschau Kassel, Chewbacca Offene Klasse<br \/>\nJanuar 2013: Chewbacca Impftermin. \u00a0 \u00a0 \u00a0 \u00a0 \u00a0 \u00a0 \u00a0 \u00a0 \u00a0 \u00a0 \u00a0 \u00a0 \u00a0 \u00a0 \u00a0 \u00a0 \u00a0 \u00a0 \u00a0 \u00a0 \u00a0 \u00a0 \u00a0 \u00a0 \u00a0 \u00a0 \u00a0 \u00a0 \u00a0M\u00e4rz 2013: Chewbacca Spermiogramm<\/p>\n","protected":false},"excerpt":{"rendered":"<p>So., 14.10. Rheingau Trophy, Workingtest, Chewbacca Schnupperklasse Sa., 27.10. Neuz\u00fcchterseminar So., 04.11. Hundef\u00fchrerscheinpr\u00fcfung mit Chewbacca Sa., 24.11. DRC Clubschau Kassel, Chewbacca Offene Klasse Januar 2013: Chewbacca Impftermin. \u00a0 \u00a0 \u00a0 \u00a0 \u00a0 \u00a0 \u00a0 \u00a0 \u00a0 \u00a0 \u00a0 \u00a0 \u00a0 &hellip; <a href=\"https:\/\/golden-roses.de\/?page_id=108\">Weiterlesen <span class=\"meta-nav\">&rarr;<\/span><\/a><\/p>\n","protected":false},"author":2,"featured_media":0,"parent":0,"menu_order":0,"comment_status":"open","ping_status":"open","template":"","meta":{"footnotes":""},"class_list":["post-108","page","type-page","status-publish","hentry"],"_links":{"self":[{"href":"https:\/\/golden-roses.de\/index.php?rest_route=\/wp\/v2\/pages\/108","targetHints":{"allow":["GET"]}}],"collection":[{"href":"https:\/\/golden-roses.de\/index.php?rest_route=\/wp\/v2\/pages"}],"about":[{"href":"https:\/\/golden-roses.de\/index.php?rest_route=\/wp\/v2\/types\/page"}],"author":[{"embeddable":true,"href":"https:\/\/golden-roses.de\/index.php?rest_route=\/wp\/v2\/users\/2"}],"replies":[{"embeddable":true,"href":"https:\/\/golden-roses.de\/index.php?rest_route=%2Fwp%2Fv2%2Fcomments&post=108"}],"version-history":[{"count":6,"href":"https:\/\/golden-roses.de\/index.php?rest_route=\/wp\/v2\/pages\/108\/revisions"}],"predecessor-version":[{"id":117,"href":"https:\/\/golden-roses.de\/index.php?rest_route=\/wp\/v2\/pages\/108\/revisions\/117"}],"wp:attachment":[{"href":"https:\/\/golden-roses.de\/index.php?rest_route=%2Fwp%2Fv2%2Fmedia&parent=108"}],"curies":[{"name":"wp","href":"https:\/\/api.w.org\/{rel}","templated":true}]}}